{"id":26,"date":"2025-10-05T18:31:08","date_gmt":"2025-10-05T18:31:08","guid":{"rendered":"https:\/\/kyber.website.tuke.sk\/?page_id=26"},"modified":"2025-10-05T18:37:11","modified_gmt":"2025-10-05T18:37:11","slug":"elementor-26","status":"publish","type":"page","link":"https:\/\/mkb.tuke.sk\/?page_id=26","title":{"rendered":"Kontakt"},"content":{"rendered":"\t\t<div data-elementor-type=\"wp-page\" data-elementor-id=\"26\" class=\"elementor elementor-26\" data-elementor-post-type=\"page\">\n\t\t\t\t<div class=\"elementor-element elementor-element-cb35101 e-flex e-con-boxed e-con e-parent\" data-id=\"cb35101\" data-element_type=\"container\" data-e-type=\"container\">\n\t\t\t\t\t<div class=\"e-con-inner\">\n\t\t\t\t\t<\/div>\n\t\t\t\t<\/div>\n\t\t<div class=\"elementor-element elementor-element-cf5a184 e-flex e-con-boxed e-con e-parent\" data-id=\"cf5a184\" data-element_type=\"container\" data-e-type=\"container\">\n\t\t\t\t\t<div class=\"e-con-inner\">\n\t\t\t\t<div class=\"elementor-element elementor-element-cf81324 elementor-widget elementor-widget-text-editor\" data-id=\"cf81324\" data-element_type=\"widget\" data-e-type=\"widget\" data-widget_type=\"text-editor.default\">\n\t\t\t\t\t\t\t\t\t<div style=\"text-align: center; font-weight: bold; color: black; font-size: 24px;\"><br \/>Mana\u017e\u00e9r Kybernetickej Bezpe\u010dnosti &#8211; TUKE<br \/>E-mail: mkb@tuke.sk<br \/>\u00dastav v\u00fdpo\u010dtovej techniky<br \/>Technick\u00e1 univerzita v Ko\u0161iciach Letn\u00e1 1\/9, 042 00 Ko\u0161ice<\/div>\t\t\t\t\t\t\t\t<\/div>\n\t\t\t\t\t<\/div>\n\t\t\t\t<\/div>\n\t\t<div class=\"elementor-element elementor-element-bfaa668 e-flex e-con-boxed e-con e-parent\" data-id=\"bfaa668\" data-element_type=\"container\" data-e-type=\"container\">\n\t\t\t\t\t<div class=\"e-con-inner\">\n\t\t\t\t<div class=\"elementor-element elementor-element-b9f0583 elementor-widget elementor-widget-google_maps\" data-id=\"b9f0583\" data-element_type=\"widget\" data-e-type=\"widget\" data-widget_type=\"google_maps.default\">\n\t\t\t\t\t\t\t<div class=\"elementor-custom-embed\">\n\t\t\t<iframe loading=\"lazy\"\n\t\t\t\t\tsrc=\"https:\/\/maps.google.com\/maps?q=technicla%20univesity%20kosice&#038;t=m&#038;z=15&#038;output=embed&#038;iwloc=near\"\n\t\t\t\t\ttitle=\"technicla univesity kosice\"\n\t\t\t\t\taria-label=\"technicla univesity kosice\"\n\t\t\t><\/iframe>\n\t\t<\/div>\n\t\t\t\t\t\t<\/div>\n\t\t\t\t\t<\/div>\n\t\t\t\t<\/div>\n\t\t\t\t<\/div>\n\t\t","protected":false},"excerpt":{"rendered":"<p>Mana\u017e\u00e9r Kybernetickej Bezpe\u010dnosti &#8211; TUKEE-mail: mkb@tuke.sk\u00dastav v\u00fdpo\u010dtovej technikyTechnick\u00e1 univerzita v Ko\u0161iciach Letn\u00e1 1\/9, 042 00 Ko\u0161ice<\/p>\n","protected":false},"author":1,"featured_media":0,"parent":0,"menu_order":0,"comment_status":"closed","ping_status":"closed","template":"","meta":{"footnotes":""},"class_list":["post-26","page","type-page","status-publish","hentry"],"_links":{"self":[{"href":"https:\/\/mkb.tuke.sk\/index.php?rest_route=\/wp\/v2\/pages\/26","targetHints":{"allow":["GET"]}}],"collection":[{"href":"https:\/\/mkb.tuke.sk\/index.php?rest_route=\/wp\/v2\/pages"}],"about":[{"href":"https:\/\/mkb.tuke.sk\/index.php?rest_route=\/wp\/v2\/types\/page"}],"author":[{"embeddable":true,"href":"https:\/\/mkb.tuke.sk\/index.php?rest_route=\/wp\/v2\/users\/1"}],"replies":[{"embeddable":true,"href":"https:\/\/mkb.tuke.sk\/index.php?rest_route=%2Fwp%2Fv2%2Fcomments&post=26"}],"version-history":[{"count":11,"href":"https:\/\/mkb.tuke.sk\/index.php?rest_route=\/wp\/v2\/pages\/26\/revisions"}],"predecessor-version":[{"id":56,"href":"https:\/\/mkb.tuke.sk\/index.php?rest_route=\/wp\/v2\/pages\/26\/revisions\/56"}],"wp:attachment":[{"href":"https:\/\/mkb.tuke.sk\/index.php?rest_route=%2Fwp%2Fv2%2Fmedia&parent=26"}],"curies":[{"name":"wp","href":"https:\/\/api.w.org\/{rel}","templated":true}]}}