{"id":43,"date":"2025-10-05T18:38:12","date_gmt":"2025-10-05T18:38:12","guid":{"rendered":"https:\/\/kyber.website.tuke.sk\/?page_id=43"},"modified":"2025-10-20T05:58:39","modified_gmt":"2025-10-20T05:58:39","slug":"skolitelia","status":"publish","type":"page","link":"https:\/\/mkb.tuke.sk\/?page_id=43","title":{"rendered":"\u0160kolitelia"},"content":{"rendered":"\t\t<div data-elementor-type=\"wp-page\" data-elementor-id=\"43\" class=\"elementor elementor-43\" data-elementor-post-type=\"page\">\n\t\t\t\t<div class=\"elementor-element elementor-element-8a010e3 e-flex e-con-boxed e-con e-parent\" data-id=\"8a010e3\" data-element_type=\"container\" data-e-type=\"container\">\n\t\t\t\t\t<div class=\"e-con-inner\">\n\t\t\t\t<div class=\"elementor-element elementor-element-c7673cd elementor-widget elementor-widget-text-editor\" data-id=\"c7673cd\" data-element_type=\"widget\" data-e-type=\"widget\" data-widget_type=\"text-editor.default\">\n\t\t\t\t\t\t\t\t\t<section style=\"font-family: Arial, sans-serif; color: #222; line-height: 1.6; padding: 30px;\">\n<h1 style=\"color: #1a4dab; font-size: 30px; text-align: center; font-weight: bold; margin-bottom: 30px;\">Lektori \u0161kolenia<\/h1>\n\n<h2 style=\"font-size: 20px; color: #000; text-align: center; font-weight: bold;\">doc. Ing. Miroslav Michalko, PhD.<\/h2>\n<p style=\"text-align: justify;\">doc. Ing. Miroslav Michalko, PhD. p\u00f4sob\u00ed na Katedre po\u010d\u00edta\u010dov a informatiky FEI TUKE, kde sa dlhodobo venuje v\u00fdskumu a v\u00fdu\u010dbe v oblasti kybernetickej bezpe\u010dnosti, po\u010d\u00edta\u010dov\u00fdch siet\u00ed a Internetu vec\u00ed (IoT). Vo svojej pr\u00e1ci sa zameriava najm\u00e4 na bezpe\u010dnos\u0165 sie\u0165ovej infra\u0161trukt\u00fary, ochranu informa\u010dn\u00fdch syst\u00e9mov a bezpe\u010dnostn\u00e9 aspekty modern\u00fdch digit\u00e1lnych technol\u00f3gi\u00ed. Je ved\u00facim laborat\u00f3ria po\u010d\u00edta\u010dov\u00fdch siet\u00ed a z\u00e1rove\u0148 riadite\u013eom Univerzitn\u00e9ho vedeck\u00e9ho parku TECHNICOM, kde koordinuje inova\u010dn\u00e9 a v\u00fdskumn\u00e9 aktivity univerzity v oblasti digitaliz\u00e1cie a kybernetickej bezpe\u010dnosti. Viedol a participoval na viacer\u00fdch n\u00e1rodn\u00fdch a medzin\u00e1rodn\u00fdch projektoch a je autorom po\u010detn\u00fdch vedeck\u00fdch a odborn\u00fdch publik\u00e1ci\u00ed. V pedagogickej \u010dinnosti sa venuje predov\u0161etk\u00fdm t\u00e9mam bezpe\u010dnosti po\u010d\u00edta\u010dov\u00fdch siet\u00ed, IoT syst\u00e9mov, ich zranite\u013enost\u00ed, hrozieb a mo\u017enostiam ochrany.<\/p>\n<p style=\"text-align: justify;\"><\/p>\n\n<h2 style=\"font-size: 20px; color: #000; text-align: center; font-weight: bold;\">Ing. Ondrej Kainz, PhD.<\/h2>\n<p style=\"text-align: justify;\">Ing. Ondrej Kainz, PhD. p\u00f4sob\u00ed na Katedre po\u010d\u00edta\u010dov a informatiky FEI TUKE, kde sa zameriava na kybernetick\u00fa bezpe\u010dnos\u0165, anal\u00fdzu sie\u0165ovej prev\u00e1dzky a ochranu informa\u010dn\u00fdch syst\u00e9mov. Jeho odborn\u00fd z\u00e1ujem zah\u0155\u0148a aj forenzn\u00fa anal\u00fdzu digit\u00e1lnych st\u00f4p, monitorovanie hrozieb a automatiz\u00e1ciu bezpe\u010dnostn\u00fdch procesov v prostred\u00ed modern\u00fdch IT infra\u0161trukt\u00far. Akt\u00edvne sa podie\u013ea na rie\u0161en\u00ed v\u00fdskumn\u00fdch a v\u00fdvojov\u00fdch projektov v oblasti bezpe\u010dnosti siet\u00ed a syst\u00e9mov a je autorom viacer\u00fdch odborn\u00fdch a vedeck\u00fdch publik\u00e1ci\u00ed. V pedagogickej \u010dinnosti sa venuje najm\u00e4 predmetom zameran\u00fdm na praktick\u00e9 aspekty kybernetickej bezpe\u010dnosti, ako s\u00fa detekcia \u00fatokov, reakcia na incidenty a ochrana pred zneu\u017eit\u00edm zranite\u013enost\u00ed.<\/p>\n<p style=\"text-align: justify;\"><\/p>\n\n<h2 style=\"font-size: 20px; color: #000; text-align: center; font-weight: bold;\">JUDr. Ivana Semanov\u00e1, PhD.<\/h2>\n<p style=\"text-align: justify;\">JUDr. Ivana Semanov\u00e1, PhD. p\u00f4sob\u00ed na Katedre po\u010d\u00edta\u010dov a informatiky FEI TUKE, kde sa zameriava na pr\u00e1vne aspekty kybernetickej bezpe\u010dnosti, ochranu osobn\u00fdch \u00fadajov a digit\u00e1lnych pr\u00e1v, ako aj na legislat\u00edvny r\u00e1mec informa\u010dn\u00fdch a komunika\u010dn\u00fdch technol\u00f3gi\u00ed. Vo svojej vedecko-v\u00fdskumnej \u010dinnosti sa venuje problematike zodpovednosti za kybernetick\u00e9 incidenty, regul\u00e1cii umelej inteligencie a dodr\u017eiavaniu bezpe\u010dnostn\u00fdch \u0161tandardovv digit\u00e1lnom prostred\u00ed. Akt\u00edvne sa zap\u00e1ja do odborn\u00fdch projektov a iniciat\u00edv zameran\u00fdch na prepojenie pr\u00e1va a technol\u00f3gi\u00ed a podie\u013ea sa na vzdel\u00e1van\u00ed v oblasti kybernetick\u00e9ho a informa\u010dn\u00e9ho pr\u00e1va, s d\u00f4razom na pr\u00e1vne povinnosti organiz\u00e1ci\u00ed v kontexte kybernetickej bezpe\u010dnosti.<\/p>\n<p style=\"text-align: justify;\"><\/p>\n\n<\/section>\t\t\t\t\t\t\t\t<\/div>\n\t\t\t\t\t<\/div>\n\t\t\t\t<\/div>\n\t\t\t\t<\/div>\n\t\t","protected":false},"excerpt":{"rendered":"<p>Lektori \u0161kolenia doc. Ing. Miroslav Michalko, PhD. doc. Ing. Miroslav Michalko, PhD. p\u00f4sob\u00ed na Katedre po\u010d\u00edta\u010dov a informatiky FEI TUKE, kde sa dlhodobo venuje v\u00fdskumu a v\u00fdu\u010dbe v oblasti kybernetickej bezpe\u010dnosti, po\u010d\u00edta\u010dov\u00fdch siet\u00ed a Internetu vec\u00ed (IoT). Vo svojej pr\u00e1ci sa zameriava najm\u00e4 na bezpe\u010dnos\u0165 sie\u0165ovej infra\u0161trukt\u00fary, ochranu informa\u010dn\u00fdch syst\u00e9mov a bezpe\u010dnostn\u00e9 aspekty modern\u00fdch digit\u00e1lnych [&hellip;]<\/p>\n","protected":false},"author":1,"featured_media":0,"parent":0,"menu_order":0,"comment_status":"closed","ping_status":"closed","template":"","meta":{"footnotes":""},"class_list":["post-43","page","type-page","status-publish","hentry"],"_links":{"self":[{"href":"https:\/\/mkb.tuke.sk\/index.php?rest_route=\/wp\/v2\/pages\/43","targetHints":{"allow":["GET"]}}],"collection":[{"href":"https:\/\/mkb.tuke.sk\/index.php?rest_route=\/wp\/v2\/pages"}],"about":[{"href":"https:\/\/mkb.tuke.sk\/index.php?rest_route=\/wp\/v2\/types\/page"}],"author":[{"embeddable":true,"href":"https:\/\/mkb.tuke.sk\/index.php?rest_route=\/wp\/v2\/users\/1"}],"replies":[{"embeddable":true,"href":"https:\/\/mkb.tuke.sk\/index.php?rest_route=%2Fwp%2Fv2%2Fcomments&post=43"}],"version-history":[{"count":13,"href":"https:\/\/mkb.tuke.sk\/index.php?rest_route=\/wp\/v2\/pages\/43\/revisions"}],"predecessor-version":[{"id":208,"href":"https:\/\/mkb.tuke.sk\/index.php?rest_route=\/wp\/v2\/pages\/43\/revisions\/208"}],"wp:attachment":[{"href":"https:\/\/mkb.tuke.sk\/index.php?rest_route=%2Fwp%2Fv2%2Fmedia&parent=43"}],"curies":[{"name":"wp","href":"https:\/\/api.w.org\/{rel}","templated":true}]}}